{"id":612,"date":"2024-09-19T10:46:03","date_gmt":"2024-09-19T08:46:03","guid":{"rendered":"http:\/\/ueugbzm.cluster029.hosting.ovh.net\/?page_id=612"},"modified":"2025-09-10T10:12:07","modified_gmt":"2025-09-10T08:12:07","slug":"chateau-pradeaux-bandol-rose-2023","status":"publish","type":"page","link":"https:\/\/www.chateau-pradeaux.com\/index.php\/chateau-pradeaux-bandol-rose-2023\/","title":{"rendered":"Ch\u00e2teau Pradeaux Bandol ros\u00e9"},"content":{"rendered":"\t\t<div data-elementor-type=\"wp-page\" data-elementor-id=\"612\" class=\"elementor elementor-612\">\n\t\t\t\t<div class=\"elementor-element elementor-element-d789d89 e-flex e-con-boxed e-con e-parent\" data-id=\"d789d89\" data-element_type=\"container\">\n\t\t\t\t\t<div class=\"e-con-inner\">\n\t\t<div class=\"elementor-element elementor-element-50171ee e-con-full e-flex e-con e-child\" data-id=\"50171ee\" data-element_type=\"container\">\n\t\t\t\t<div class=\"elementor-element elementor-element-6cf161f elementor-widget elementor-widget-image\" data-id=\"6cf161f\" data-element_type=\"widget\" data-widget_type=\"image.default\">\n\t\t\t\t<div class=\"elementor-widget-container\">\n\t\t\t\t\t\t\t\t\t\t\t\t\t\t\t<img fetchpriority=\"high\" decoding=\"async\" width=\"294\" height=\"1024\" src=\"https:\/\/www.chateau-pradeaux.com\/wp-content\/uploads\/2025\/09\/Pradeaux-rose-2024-294x1024.png\" class=\"attachment-large size-large wp-image-1202\" alt=\"\" srcset=\"https:\/\/www.chateau-pradeaux.com\/wp-content\/uploads\/2025\/09\/Pradeaux-rose-2024-294x1024.png 294w, https:\/\/www.chateau-pradeaux.com\/wp-content\/uploads\/2025\/09\/Pradeaux-rose-2024-86x300.png 86w, https:\/\/www.chateau-pradeaux.com\/wp-content\/uploads\/2025\/09\/Pradeaux-rose-2024-768x2677.png 768w, https:\/\/www.chateau-pradeaux.com\/wp-content\/uploads\/2025\/09\/Pradeaux-rose-2024-441x1536.png 441w, https:\/\/www.chateau-pradeaux.com\/wp-content\/uploads\/2025\/09\/Pradeaux-rose-2024-588x2048.png 588w, https:\/\/www.chateau-pradeaux.com\/wp-content\/uploads\/2025\/09\/Pradeaux-rose-2024.png 1408w\" sizes=\"(max-width: 294px) 100vw, 294px\" \/>\t\t\t\t\t\t\t\t\t\t\t\t\t\t\t<\/div>\n\t\t\t\t<\/div>\n\t\t\t\t<div class=\"elementor-element elementor-element-a678a09 elementor-align-center elementor-widget elementor-widget-button\" data-id=\"a678a09\" data-element_type=\"widget\" data-widget_type=\"button.default\">\n\t\t\t\t<div class=\"elementor-widget-container\">\n\t\t\t\t\t\t\t\t\t<div class=\"elementor-button-wrapper\">\n\t\t\t\t\t<a class=\"elementor-button elementor-button-link elementor-size-sm\" href=\"https:\/\/www.restonsenvigne.fr\/domaines\/chateau-pradeaux\/\" target=\"_blank\">\n\t\t\t\t\t\t<span class=\"elementor-button-content-wrapper\">\n\t\t\t\t\t\t<span class=\"elementor-button-icon\">\n\t\t\t\t<svg aria-hidden=\"true\" class=\"e-font-icon-svg e-fas-shopping-cart\" viewBox=\"0 0 576 512\" xmlns=\"http:\/\/www.w3.org\/2000\/svg\"><path d=\"M528.12 301.319l47.273-208C578.806 78.301 567.391 64 551.99 64H159.208l-9.166-44.81C147.758 8.021 137.93 0 126.529 0H24C10.745 0 0 10.745 0 24v16c0 13.255 10.745 24 24 24h69.883l70.248 343.435C147.325 417.1 136 435.222 136 456c0 30.928 25.072 56 56 56s56-25.072 56-56c0-15.674-6.447-29.835-16.824-40h209.647C430.447 426.165 424 440.326 424 456c0 30.928 25.072 56 56 56s56-25.072 56-56c0-22.172-12.888-41.332-31.579-50.405l5.517-24.276c3.413-15.018-8.002-29.319-23.403-29.319H218.117l-6.545-32h293.145c11.206 0 20.92-7.754 23.403-18.681z\"><\/path><\/svg>\t\t\t<\/span>\n\t\t\t\t\t\t\t\t\t<span class=\"elementor-button-text\">Acheter ce vin<\/span>\n\t\t\t\t\t<\/span>\n\t\t\t\t\t<\/a>\n\t\t\t\t<\/div>\n\t\t\t\t\t\t\t\t<\/div>\n\t\t\t\t<\/div>\n\t\t\t\t<\/div>\n\t\t<div class=\"elementor-element elementor-element-c592028 e-con-full e-flex e-con e-child\" data-id=\"c592028\" data-element_type=\"container\">\n\t\t\t\t<div class=\"elementor-element elementor-element-19097be elementor-widget elementor-widget-heading\" data-id=\"19097be\" data-element_type=\"widget\" data-widget_type=\"heading.default\">\n\t\t\t\t<div class=\"elementor-widget-container\">\n\t\t\t\t\t<h2 class=\"elementor-heading-title elementor-size-default\">Ch\u00e2teau Pradeaux Bandol ros\u00e9 2024<\/h2>\t\t\t\t<\/div>\n\t\t\t\t<\/div>\n\t\t\t\t<div class=\"elementor-element elementor-element-095473f elementor-widget-divider--view-line elementor-widget elementor-widget-divider\" data-id=\"095473f\" data-element_type=\"widget\" data-widget_type=\"divider.default\">\n\t\t\t\t<div class=\"elementor-widget-container\">\n\t\t\t\t\t\t\t<div class=\"elementor-divider\">\n\t\t\t<span class=\"elementor-divider-separator\">\n\t\t\t\t\t\t<\/span>\n\t\t<\/div>\n\t\t\t\t\t\t<\/div>\n\t\t\t\t<\/div>\n\t\t\t\t<div class=\"elementor-element elementor-element-790fb60 elementor-widget elementor-widget-text-editor\" data-id=\"790fb60\" data-element_type=\"widget\" data-widget_type=\"text-editor.default\">\n\t\t\t\t<div class=\"elementor-widget-container\">\n\t\t\t\t\t\t\t\t\t<p><span style=\"text-decoration: underline;\">POINT SUR LE MILL\u00c9SIME<\/span> : Ce mill\u00e9sime marque un retour aux normales de saisons, avec une pluviom\u00e9trie correcte. Nous sommes pass\u00e9s \u00e0 c\u00f4t\u00e9s de tout probl\u00e8me climatique majeur. Les maturit\u00e9s ont ainsi \u00e9t\u00e9 plus tardives que les ann\u00e9es pr\u00e9c\u00e9dentes. Les vins sont frais, \u00e9l\u00e9gants et pr\u00e9sentent un bel \u00e9quilibre cisel\u00e9.<\/p><p><span style=\"text-decoration: underline;\">ENC\u00c9PAGEMENT<\/span> : 70% de mourv\u00e8dre, 27% de cinsault et 3% de grenache.<br \/>Les vignes ont en moyenne 30 ans.<\/p><p><span style=\"text-decoration: underline;\">VENDANGES<\/span> : Vendanges manuelles effectu\u00e9es du 7 au 14 septembre 2024.<\/p><p><span style=\"text-decoration: underline;\">RENDEMENT<\/span> : 27 hectolitres \u00e0 l\u2019hectare.<\/p><p><span style=\"text-decoration: underline;\">VINIFICATION<\/span> \u00a0: Un ros\u00e9 \u00e9labor\u00e9 par pressurage direct, d\u00e9bourb\u00e9 \u00e0 froid entre 12 et 14 degr\u00e9s durant 24h. Il est ensuite soutir\u00e9 et mis en cuve thermo-r\u00e9gul\u00e9e.<br \/>La fermentation alcoolique se d\u00e9roule en cuve ciment ou acier \u00e9maill\u00e9e pendant environ 3 semaines sous l&rsquo;action de levures indig\u00e8nes.<br \/>Pas de fermentation malo-lactique.<\/p><p><span style=\"text-decoration: underline;\">\u00c9LEVAGE<\/span> : \u00c9levage sur lies fines durant 8 semaines.<\/p><p><span style=\"text-decoration: underline;\">ASSEMBLAGE ET MISE EN BOUTEILLE<\/span> : Assemblage, filtration et mise en bouteille les 26 et 27 mars 2025.<\/p><p><span style=\"text-decoration: underline;\">PRODUCTION<\/span> : Environ 20 000 bouteilles par an.<\/p>\t\t\t\t\t\t\t\t<\/div>\n\t\t\t\t<\/div>\n\t\t\t\t<\/div>\n\t\t\t\t\t<\/div>\n\t\t\t\t<\/div>\n\t\t<div class=\"elementor-element elementor-element-b4bb990 e-flex e-con-boxed e-con e-parent\" data-id=\"b4bb990\" data-element_type=\"container\">\n\t\t\t\t\t<div class=\"e-con-inner\">\n\t\t\t\t\t<\/div>\n\t\t\t\t<\/div>\n\t\t\t\t<\/div>\n\t\t","protected":false},"excerpt":{"rendered":"<p>Acheter ce vin Ch\u00e2teau Pradeaux Bandol ros\u00e9 2024 POINT SUR LE MILL\u00c9SIME : Ce mill\u00e9sime marque un retour aux normales [&hellip;]<\/p>\n","protected":false},"author":1,"featured_media":0,"parent":0,"menu_order":0,"comment_status":"closed","ping_status":"closed","template":"","meta":{"site-sidebar-layout":"no-sidebar","site-content-layout":"","ast-site-content-layout":"full-width-container","site-content-style":"default","site-sidebar-style":"default","ast-global-header-display":"","ast-banner-title-visibility":"","ast-main-header-display":"","ast-hfb-above-header-display":"","ast-hfb-below-header-display":"","ast-hfb-mobile-header-display":"","site-post-title":"disabled","ast-breadcrumbs-content":"","ast-featured-img":"disabled","footer-sml-layout":"","theme-transparent-header-meta":"","adv-header-id-meta":"","stick-header-meta":"","header-above-stick-meta":"","header-main-stick-meta":"","header-below-stick-meta":"","astra-migrate-meta-layouts":"default","ast-page-background-enabled":"default","ast-page-background-meta":{"desktop":{"background-color":"var(--ast-global-color-4)","background-image":"","background-repeat":"repeat","background-position":"center center","background-size":"auto","background-attachment":"scroll","background-type":"","background-media":"","overlay-type":"","overlay-color":"","overlay-opacity":"","overlay-gradient":""},"tablet":{"background-color":"","background-image":"","background-repeat":"repeat","background-position":"center center","background-size":"auto","background-attachment":"scroll","background-type":"","background-media":"","overlay-type":"","overlay-color":"","overlay-opacity":"","overlay-gradient":""},"mobile":{"background-color":"","background-image":"","background-repeat":"repeat","background-position":"center center","background-size":"auto","background-attachment":"scroll","background-type":"","background-media":"","overlay-type":"","overlay-color":"","overlay-opacity":"","overlay-gradient":""}},"ast-content-background-meta":{"desktop":{"background-color":"var(--ast-global-color-5)","background-image":"","background-repeat":"repeat","background-position":"center center","background-size":"auto","background-attachment":"scroll","background-type":"","background-media":"","overlay-type":"","overlay-color":"","overlay-opacity":"","overlay-gradient":""},"tablet":{"background-color":"var(--ast-global-color-5)","background-image":"","background-repeat":"repeat","background-position":"center center","background-size":"auto","background-attachment":"scroll","background-type":"","background-media":"","overlay-type":"","overlay-color":"","overlay-opacity":"","overlay-gradient":""},"mobile":{"background-color":"var(--ast-global-color-5)","background-image":"","background-repeat":"repeat","background-position":"center center","background-size":"auto","background-attachment":"scroll","background-type":"","background-media":"","overlay-type":"","overlay-color":"","overlay-opacity":"","overlay-gradient":""}},"footnotes":""},"class_list":["post-612","page","type-page","status-publish","hentry"],"_links":{"self":[{"href":"https:\/\/www.chateau-pradeaux.com\/index.php\/wp-json\/wp\/v2\/pages\/612"}],"collection":[{"href":"https:\/\/www.chateau-pradeaux.com\/index.php\/wp-json\/wp\/v2\/pages"}],"about":[{"href":"https:\/\/www.chateau-pradeaux.com\/index.php\/wp-json\/wp\/v2\/types\/page"}],"author":[{"embeddable":true,"href":"https:\/\/www.chateau-pradeaux.com\/index.php\/wp-json\/wp\/v2\/users\/1"}],"replies":[{"embeddable":true,"href":"https:\/\/www.chateau-pradeaux.com\/index.php\/wp-json\/wp\/v2\/comments?post=612"}],"version-history":[{"count":14,"href":"https:\/\/www.chateau-pradeaux.com\/index.php\/wp-json\/wp\/v2\/pages\/612\/revisions"}],"predecessor-version":[{"id":1209,"href":"https:\/\/www.chateau-pradeaux.com\/index.php\/wp-json\/wp\/v2\/pages\/612\/revisions\/1209"}],"wp:attachment":[{"href":"https:\/\/www.chateau-pradeaux.com\/index.php\/wp-json\/wp\/v2\/media?parent=612"}],"curies":[{"name":"wp","href":"https:\/\/api.w.org\/{rel}","templated":true}]}}