{"id":631,"date":"2024-09-19T11:45:14","date_gmt":"2024-09-19T09:45:14","guid":{"rendered":"http:\/\/ueugbzm.cluster029.hosting.ovh.net\/?page_id=631"},"modified":"2025-09-10T10:59:23","modified_gmt":"2025-09-10T08:59:23","slug":"bienfait-des-pradeaux-vin-de-france-rouge-2023","status":"publish","type":"page","link":"https:\/\/www.chateau-pradeaux.com\/index.php\/bienfait-des-pradeaux-vin-de-france-rouge-2023\/","title":{"rendered":"Bienfait des Pradeaux, Vin de France rouge"},"content":{"rendered":"\t\t<div data-elementor-type=\"wp-page\" data-elementor-id=\"631\" class=\"elementor elementor-631\">\n\t\t\t\t<div class=\"elementor-element elementor-element-d789d89 e-flex e-con-boxed e-con e-parent\" data-id=\"d789d89\" data-element_type=\"container\">\n\t\t\t\t\t<div class=\"e-con-inner\">\n\t\t<div class=\"elementor-element elementor-element-50171ee e-con-full e-flex e-con e-child\" data-id=\"50171ee\" data-element_type=\"container\">\n\t\t\t\t<div class=\"elementor-element elementor-element-6cf161f elementor-widget elementor-widget-image\" data-id=\"6cf161f\" data-element_type=\"widget\" data-widget_type=\"image.default\">\n\t\t\t\t<div class=\"elementor-widget-container\">\n\t\t\t\t\t\t\t\t\t\t\t\t\t\t\t<img fetchpriority=\"high\" decoding=\"async\" width=\"279\" height=\"1024\" src=\"https:\/\/www.chateau-pradeaux.com\/wp-content\/uploads\/2025\/09\/Bienfait-rouge_2024-1-279x1024.png\" class=\"attachment-large size-large wp-image-1237\" alt=\"\" srcset=\"https:\/\/www.chateau-pradeaux.com\/wp-content\/uploads\/2025\/09\/Bienfait-rouge_2024-1-279x1024.png 279w, https:\/\/www.chateau-pradeaux.com\/wp-content\/uploads\/2025\/09\/Bienfait-rouge_2024-1-82x300.png 82w, https:\/\/www.chateau-pradeaux.com\/wp-content\/uploads\/2025\/09\/Bienfait-rouge_2024-1-768x2822.png 768w, https:\/\/www.chateau-pradeaux.com\/wp-content\/uploads\/2025\/09\/Bienfait-rouge_2024-1-418x1536.png 418w, https:\/\/www.chateau-pradeaux.com\/wp-content\/uploads\/2025\/09\/Bienfait-rouge_2024-1.png 1317w\" sizes=\"(max-width: 279px) 100vw, 279px\" \/>\t\t\t\t\t\t\t\t\t\t\t\t\t\t\t<\/div>\n\t\t\t\t<\/div>\n\t\t\t\t<div class=\"elementor-element elementor-element-a678a09 elementor-align-center elementor-widget elementor-widget-button\" data-id=\"a678a09\" data-element_type=\"widget\" data-widget_type=\"button.default\">\n\t\t\t\t<div class=\"elementor-widget-container\">\n\t\t\t\t\t\t\t\t\t<div class=\"elementor-button-wrapper\">\n\t\t\t\t\t<a class=\"elementor-button elementor-button-link elementor-size-sm\" href=\"https:\/\/www.restonsenvigne.fr\/domaines\/chateau-pradeaux\/\" target=\"_blank\">\n\t\t\t\t\t\t<span class=\"elementor-button-content-wrapper\">\n\t\t\t\t\t\t<span class=\"elementor-button-icon\">\n\t\t\t\t<svg aria-hidden=\"true\" class=\"e-font-icon-svg e-fas-shopping-cart\" viewBox=\"0 0 576 512\" xmlns=\"http:\/\/www.w3.org\/2000\/svg\"><path d=\"M528.12 301.319l47.273-208C578.806 78.301 567.391 64 551.99 64H159.208l-9.166-44.81C147.758 8.021 137.93 0 126.529 0H24C10.745 0 0 10.745 0 24v16c0 13.255 10.745 24 24 24h69.883l70.248 343.435C147.325 417.1 136 435.222 136 456c0 30.928 25.072 56 56 56s56-25.072 56-56c0-15.674-6.447-29.835-16.824-40h209.647C430.447 426.165 424 440.326 424 456c0 30.928 25.072 56 56 56s56-25.072 56-56c0-22.172-12.888-41.332-31.579-50.405l5.517-24.276c3.413-15.018-8.002-29.319-23.403-29.319H218.117l-6.545-32h293.145c11.206 0 20.92-7.754 23.403-18.681z\"><\/path><\/svg>\t\t\t<\/span>\n\t\t\t\t\t\t\t\t\t<span class=\"elementor-button-text\">Acheter ce vin<\/span>\n\t\t\t\t\t<\/span>\n\t\t\t\t\t<\/a>\n\t\t\t\t<\/div>\n\t\t\t\t\t\t\t\t<\/div>\n\t\t\t\t<\/div>\n\t\t\t\t<\/div>\n\t\t<div class=\"elementor-element elementor-element-c592028 e-con-full e-flex e-con e-child\" data-id=\"c592028\" data-element_type=\"container\">\n\t\t\t\t<div class=\"elementor-element elementor-element-19097be elementor-widget elementor-widget-heading\" data-id=\"19097be\" data-element_type=\"widget\" data-widget_type=\"heading.default\">\n\t\t\t\t<div class=\"elementor-widget-container\">\n\t\t\t\t\t<h2 class=\"elementor-heading-title elementor-size-default\">Bienfait des Pradeaux, Vin de France rouge 2024<\/h2>\t\t\t\t<\/div>\n\t\t\t\t<\/div>\n\t\t\t\t<div class=\"elementor-element elementor-element-790fb60 elementor-widget elementor-widget-text-editor\" data-id=\"790fb60\" data-element_type=\"widget\" data-widget_type=\"text-editor.default\">\n\t\t\t\t<div class=\"elementor-widget-container\">\n\t\t\t\t\t\t\t\t\t<p><span style=\"text-decoration: underline;\">POINT SUR LE MILL\u00c9SIME<\/span> :\u00a0<span style=\"font-family: Univers, sans-serif; font-style: inherit; font-weight: inherit; text-indent: 35.4pt;\">Ce mill\u00e9sime marque un retour aux normales de saisons, avec une pluviom\u00e9trie correcte. Nous sommes pass\u00e9s \u00e0 c\u00f4t\u00e9s de tout probl\u00e8me climatique majeur. Les maturit\u00e9s ont ainsi \u00e9t\u00e9 plus tardives que les ann\u00e9es pr\u00e9c\u00e9dentes. Les vins sont frais, \u00e9l\u00e9gants et pr\u00e9sentent un bel \u00e9quilibre cisel\u00e9.<\/span><\/p><p><span style=\"text-decoration: underline;\">ENC\u00c9PAGEMENT<\/span> : 60% de carignan, 20% de counoise et 20% de mourv\u00e8dre.<br \/>Les vignes ont entre 30 et 70 ans.<\/p><p><span style=\"text-decoration: underline;\">VENDANGES<\/span> : Vendanges manuelles effectu\u00e9es le 21 septembre 2024.<\/p><p><span style=\"text-decoration: underline;\">RENDEMENT<\/span> : 40 hectolitres \u00e0 l&rsquo;hectare.<\/p><p><span style=\"text-decoration: underline;\">VINIFICATION<\/span> \u00a0: L\u2019int\u00e9r\u00eat de cette cuv\u00e9e tient au fait que les trois c\u00e9pages ont<br \/>un point de maturit\u00e9 diff\u00e9rent. Comme il s\u2019agit d\u2019une petite<br \/>production, nous ramassons tout le m\u00eame jour afin de co-fermenter. Il faut pour cela d\u00e9terminer un \u00ab point d\u2019\u00e9quilibre de maturit\u00e9 \u00bb, qui se fait par la d\u00e9gustation des<br \/>baies.<br \/>Les raisins sont \u00e9rafl\u00e9s et encuv\u00e9s dans une cuve en acier \u00e9maill\u00e9. La<br \/>fermentation se fait \u00e0 froid, sous atmosph\u00e8re prot\u00e9g\u00e9e de l\u2019air. La fermentation<br \/>en levures indig\u00e8nes se d\u00e9roule rapidement, avec une extraction d\u00e9licate.<\/p><p><span style=\"text-decoration: underline;\">\u00c9LEVAGE<\/span> : L\u00e9ger stockage de 3-4 mois en barriques.<\/p><p><span style=\"text-decoration: underline;\">MISE EN BOUTEILLE<\/span> : Le 25 juillet 2025.<\/p>\t\t\t\t\t\t\t\t<\/div>\n\t\t\t\t<\/div>\n\t\t\t\t<\/div>\n\t\t\t\t\t<\/div>\n\t\t\t\t<\/div>\n\t\t<div class=\"elementor-element elementor-element-b4bb990 e-flex e-con-boxed e-con e-parent\" data-id=\"b4bb990\" data-element_type=\"container\">\n\t\t\t\t\t<div class=\"e-con-inner\">\n\t\t\t\t\t<\/div>\n\t\t\t\t<\/div>\n\t\t\t\t<\/div>\n\t\t","protected":false},"excerpt":{"rendered":"<p>Acheter ce vin Bienfait des Pradeaux, Vin de France rouge 2024 POINT SUR LE MILL\u00c9SIME :\u00a0Ce mill\u00e9sime marque un retour [&hellip;]<\/p>\n","protected":false},"author":1,"featured_media":0,"parent":0,"menu_order":0,"comment_status":"closed","ping_status":"closed","template":"","meta":{"site-sidebar-layout":"no-sidebar","site-content-layout":"","ast-site-content-layout":"full-width-container","site-content-style":"default","site-sidebar-style":"default","ast-global-header-display":"","ast-banner-title-visibility":"","ast-main-header-display":"","ast-hfb-above-header-display":"","ast-hfb-below-header-display":"","ast-hfb-mobile-header-display":"","site-post-title":"disabled","ast-breadcrumbs-content":"","ast-featured-img":"disabled","footer-sml-layout":"","theme-transparent-header-meta":"","adv-header-id-meta":"","stick-header-meta":"","header-above-stick-meta":"","header-main-stick-meta":"","header-below-stick-meta":"","astra-migrate-meta-layouts":"default","ast-page-background-enabled":"default","ast-page-background-meta":{"desktop":{"background-color":"var(--ast-global-color-4)","background-image":"","background-repeat":"repeat","background-position":"center center","background-size":"auto","background-attachment":"scroll","background-type":"","background-media":"","overlay-type":"","overlay-color":"","overlay-opacity":"","overlay-gradient":""},"tablet":{"background-color":"","background-image":"","background-repeat":"repeat","background-position":"center center","background-size":"auto","background-attachment":"scroll","background-type":"","background-media":"","overlay-type":"","overlay-color":"","overlay-opacity":"","overlay-gradient":""},"mobile":{"background-color":"","background-image":"","background-repeat":"repeat","background-position":"center center","background-size":"auto","background-attachment":"scroll","background-type":"","background-media":"","overlay-type":"","overlay-color":"","overlay-opacity":"","overlay-gradient":""}},"ast-content-background-meta":{"desktop":{"background-color":"var(--ast-global-color-5)","background-image":"","background-repeat":"repeat","background-position":"center center","background-size":"auto","background-attachment":"scroll","background-type":"","background-media":"","overlay-type":"","overlay-color":"","overlay-opacity":"","overlay-gradient":""},"tablet":{"background-color":"var(--ast-global-color-5)","background-image":"","background-repeat":"repeat","background-position":"center center","background-size":"auto","background-attachment":"scroll","background-type":"","background-media":"","overlay-type":"","overlay-color":"","overlay-opacity":"","overlay-gradient":""},"mobile":{"background-color":"var(--ast-global-color-5)","background-image":"","background-repeat":"repeat","background-position":"center center","background-size":"auto","background-attachment":"scroll","background-type":"","background-media":"","overlay-type":"","overlay-color":"","overlay-opacity":"","overlay-gradient":""}},"footnotes":""},"class_list":["post-631","page","type-page","status-publish","hentry"],"_links":{"self":[{"href":"https:\/\/www.chateau-pradeaux.com\/index.php\/wp-json\/wp\/v2\/pages\/631"}],"collection":[{"href":"https:\/\/www.chateau-pradeaux.com\/index.php\/wp-json\/wp\/v2\/pages"}],"about":[{"href":"https:\/\/www.chateau-pradeaux.com\/index.php\/wp-json\/wp\/v2\/types\/page"}],"author":[{"embeddable":true,"href":"https:\/\/www.chateau-pradeaux.com\/index.php\/wp-json\/wp\/v2\/users\/1"}],"replies":[{"embeddable":true,"href":"https:\/\/www.chateau-pradeaux.com\/index.php\/wp-json\/wp\/v2\/comments?post=631"}],"version-history":[{"count":14,"href":"https:\/\/www.chateau-pradeaux.com\/index.php\/wp-json\/wp\/v2\/pages\/631\/revisions"}],"predecessor-version":[{"id":1240,"href":"https:\/\/www.chateau-pradeaux.com\/index.php\/wp-json\/wp\/v2\/pages\/631\/revisions\/1240"}],"wp:attachment":[{"href":"https:\/\/www.chateau-pradeaux.com\/index.php\/wp-json\/wp\/v2\/media?parent=631"}],"curies":[{"name":"wp","href":"https:\/\/api.w.org\/{rel}","templated":true}]}}