{"id":65,"date":"2024-07-09T12:05:52","date_gmt":"2024-07-09T10:05:52","guid":{"rendered":"http:\/\/ueugbzm.cluster029.hosting.ovh.net\/?page_id=65"},"modified":"2026-03-16T15:21:14","modified_gmt":"2026-03-16T14:21:14","slug":"visites-et-contact","status":"publish","type":"page","link":"https:\/\/www.chateau-pradeaux.com\/index.php\/visites-et-contact\/","title":{"rendered":"Visites et contact"},"content":{"rendered":"\t\t<div data-elementor-type=\"wp-page\" data-elementor-id=\"65\" class=\"elementor elementor-65\">\n\t\t\t\t<div class=\"elementor-element elementor-element-b48c553 e-flex e-con-boxed e-con e-parent\" data-id=\"b48c553\" data-element_type=\"container\" data-settings=\"{&quot;background_background&quot;:&quot;classic&quot;}\">\n\t\t\t\t\t<div class=\"e-con-inner\">\n\t\t<div class=\"elementor-element elementor-element-3b8790f e-con-full e-flex e-con e-child\" data-id=\"3b8790f\" data-element_type=\"container\">\n\t\t\t\t<div class=\"elementor-element elementor-element-1ae2351 elementor-widget elementor-widget-heading\" data-id=\"1ae2351\" data-element_type=\"widget\" data-widget_type=\"heading.default\">\n\t\t\t\t<div class=\"elementor-widget-container\">\n\t\t\t\t\t<h2 class=\"elementor-heading-title elementor-size-default\">Contact &amp; Acc\u00e8s<\/h2>\t\t\t\t<\/div>\n\t\t\t\t<\/div>\n\t\t\t\t<div class=\"elementor-element elementor-element-6b1a1a1 elementor-widget elementor-widget-text-editor\" data-id=\"6b1a1a1\" data-element_type=\"widget\" data-widget_type=\"text-editor.default\">\n\t\t\t\t<div class=\"elementor-widget-container\">\n\t\t\t\t\t\t\t\t\t<p><span style=\"text-decoration: underline;\"><strong>Adresse<\/strong><\/span> : 676 Chem. des Pradeaux, 83270 Saint-Cyr-sur-Mer<\/p><p><span style=\"text-decoration: underline;\"><strong>T\u00e9l\u00e9phone<\/strong><\/span> : 04 94 32 10 21<\/p><p><span style=\"text-decoration: underline;\"><strong>E-mail<\/strong><\/span> : secretariat@chateaupradeaux.com<\/p><p>Nous vous accueillons <strong>du lundi au vendredi de 9h \u00e0 12h30 et de 15h \u00e0 18h pour la vente et la d\u00e9gustation de nos vins.<\/strong><\/p><p><strong>Les visites se font sur RDV uniquement, 15\u20ac par personne.<\/strong><\/p><p>Le samedi, le domaine est ferm\u00e9 mais il est possible de r\u00e9server pour des visites et d\u00e9gustations.<\/p>\t\t\t\t\t\t\t\t<\/div>\n\t\t\t\t<\/div>\n\t\t\t\t<div class=\"elementor-element elementor-element-4ea1290 elementor-widget elementor-widget-button\" data-id=\"4ea1290\" data-element_type=\"widget\" data-widget_type=\"button.default\">\n\t\t\t\t<div class=\"elementor-widget-container\">\n\t\t\t\t\t\t\t\t\t<div class=\"elementor-button-wrapper\">\n\t\t\t\t\t<a class=\"elementor-button elementor-button-link elementor-size-sm\" href=\"https:\/\/reservation.elloha.com?IdPublication=1037b04d-c7fb-44c3-8339-2f748869b77d&#038;culture=fr-FR&#038;idoi=0204f390-224a-4dd9-b75a-07a1f44e990c&#038;idPrestation=a8335727-32c7-4c19-ac61-f0d51e639f2e&#038;searchFirstAvailableDates=1\">\n\t\t\t\t\t\t<span class=\"elementor-button-content-wrapper\">\n\t\t\t\t\t\t<span class=\"elementor-button-icon\">\n\t\t\t\t<svg aria-hidden=\"true\" class=\"e-font-icon-svg e-far-calendar-alt\" viewBox=\"0 0 448 512\" xmlns=\"http:\/\/www.w3.org\/2000\/svg\"><path d=\"M148 288h-40c-6.6 0-12-5.4-12-12v-40c0-6.6 5.4-12 12-12h40c6.6 0 12 5.4 12 12v40c0 6.6-5.4 12-12 12zm108-12v-40c0-6.6-5.4-12-12-12h-40c-6.6 0-12 5.4-12 12v40c0 6.6 5.4 12 12 12h40c6.6 0 12-5.4 12-12zm96 0v-40c0-6.6-5.4-12-12-12h-40c-6.6 0-12 5.4-12 12v40c0 6.6 5.4 12 12 12h40c6.6 0 12-5.4 12-12zm-96 96v-40c0-6.6-5.4-12-12-12h-40c-6.6 0-12 5.4-12 12v40c0 6.6 5.4 12 12 12h40c6.6 0 12-5.4 12-12zm-96 0v-40c0-6.6-5.4-12-12-12h-40c-6.6 0-12 5.4-12 12v40c0 6.6 5.4 12 12 12h40c6.6 0 12-5.4 12-12zm192 0v-40c0-6.6-5.4-12-12-12h-40c-6.6 0-12 5.4-12 12v40c0 6.6 5.4 12 12 12h40c6.6 0 12-5.4 12-12zm96-260v352c0 26.5-21.5 48-48 48H48c-26.5 0-48-21.5-48-48V112c0-26.5 21.5-48 48-48h48V12c0-6.6 5.4-12 12-12h40c6.6 0 12 5.4 12 12v52h128V12c0-6.6 5.4-12 12-12h40c6.6 0 12 5.4 12 12v52h48c26.5 0 48 21.5 48 48zm-48 346V160H48v298c0 3.3 2.7 6 6 6h340c3.3 0 6-2.7 6-6z\"><\/path><\/svg>\t\t\t<\/span>\n\t\t\t\t\t\t\t\t\t<span class=\"elementor-button-text\">R\u00e9server une visite<\/span>\n\t\t\t\t\t<\/span>\n\t\t\t\t\t<\/a>\n\t\t\t\t<\/div>\n\t\t\t\t\t\t\t\t<\/div>\n\t\t\t\t<\/div>\n\t\t\t\t<\/div>\n\t\t<div class=\"elementor-element elementor-element-f74f0b2 e-con-full e-flex e-con e-child\" data-id=\"f74f0b2\" data-element_type=\"container\">\n\t\t\t\t<div class=\"elementor-element elementor-element-c43c7c0 elementor-widget elementor-widget-google_maps\" data-id=\"c43c7c0\" data-element_type=\"widget\" data-widget_type=\"google_maps.default\">\n\t\t\t\t<div class=\"elementor-widget-container\">\n\t\t\t\t\t\t\t<div class=\"elementor-custom-embed\">\n\t\t\t<iframe loading=\"lazy\"\n\t\t\t\t\tsrc=\"https:\/\/maps.google.com\/maps?q=Ch%C3%A2teau%20Pradeaux&#038;t=m&#038;z=11&#038;output=embed&#038;iwloc=near\"\n\t\t\t\t\ttitle=\"Ch\u00e2teau Pradeaux\"\n\t\t\t\t\taria-label=\"Ch\u00e2teau Pradeaux\"\n\t\t\t><\/iframe>\n\t\t<\/div>\n\t\t\t\t\t\t<\/div>\n\t\t\t\t<\/div>\n\t\t\t\t<\/div>\n\t\t\t\t\t<\/div>\n\t\t\t\t<\/div>\n\t\t<div class=\"elementor-element elementor-element-6264e30 e-flex e-con-boxed e-con e-parent\" data-id=\"6264e30\" data-element_type=\"container\">\n\t\t\t\t\t<div class=\"e-con-inner\">\n\t\t<div class=\"elementor-element elementor-element-7d46020 e-con-full e-flex e-con e-child\" data-id=\"7d46020\" data-element_type=\"container\">\n\t\t\t\t<div class=\"elementor-element elementor-element-1092757 elementor-widget elementor-widget-image\" data-id=\"1092757\" data-element_type=\"widget\" data-widget_type=\"image.default\">\n\t\t\t\t<div class=\"elementor-widget-container\">\n\t\t\t\t\t\t\t\t\t\t\t\t\t\t\t<img fetchpriority=\"high\" decoding=\"async\" width=\"1024\" height=\"1024\" src=\"https:\/\/www.chateau-pradeaux.com\/wp-content\/uploads\/2025\/12\/Packshots-Pradeaux-site.png\" class=\"attachment-large size-large wp-image-1299\" alt=\"\" srcset=\"https:\/\/www.chateau-pradeaux.com\/wp-content\/uploads\/2025\/12\/Packshots-Pradeaux-site.png 1024w, https:\/\/www.chateau-pradeaux.com\/wp-content\/uploads\/2025\/12\/Packshots-Pradeaux-site-300x300.png 300w, https:\/\/www.chateau-pradeaux.com\/wp-content\/uploads\/2025\/12\/Packshots-Pradeaux-site-150x150.png 150w, https:\/\/www.chateau-pradeaux.com\/wp-content\/uploads\/2025\/12\/Packshots-Pradeaux-site-768x768.png 768w\" sizes=\"(max-width: 1024px) 100vw, 1024px\" \/>\t\t\t\t\t\t\t\t\t\t\t\t\t\t\t<\/div>\n\t\t\t\t<\/div>\n\t\t\t\t<div class=\"elementor-element elementor-element-47a55f5 elementor-widget elementor-widget-text-editor\" data-id=\"47a55f5\" data-element_type=\"widget\" data-widget_type=\"text-editor.default\">\n\t\t\t\t<div class=\"elementor-widget-container\">\n\t\t\t\t\t\t\t\t\t<p><em>Renseignements donn\u00e9s \u00e0 titre indicatif pouvant varier en fonction des conditions de garde en cave (temp\u00e9rature, humidit\u00e9, etc.).<\/em><\/p>\t\t\t\t\t\t\t\t<\/div>\n\t\t\t\t<\/div>\n\t\t\t\t<\/div>\n\t\t<div class=\"elementor-element elementor-element-7f1856c e-con-full e-flex e-con e-child\" data-id=\"7f1856c\" data-element_type=\"container\">\n\t\t\t\t<div class=\"elementor-element elementor-element-e645256 elementor-widget elementor-widget-text-editor\" data-id=\"e645256\" data-element_type=\"widget\" data-widget_type=\"text-editor.default\">\n\t\t\t\t<div class=\"elementor-widget-container\">\n\t\t\t\t\t\t\t\t\t<p>Vous poss\u00e9dez certains de nos anciens mill\u00e9simes et d\u00e9sirez des informations ou des conseils de d\u00e9gustation ?<\/p><p>Contactez-nous.<\/p>\t\t\t\t\t\t\t\t<\/div>\n\t\t\t\t<\/div>\n\t\t\t\t<div class=\"elementor-element elementor-element-e84ab7f elementor-widget elementor-widget-image\" data-id=\"e84ab7f\" data-element_type=\"widget\" data-widget_type=\"image.default\">\n\t\t\t\t<div class=\"elementor-widget-container\">\n\t\t\t\t\t\t\t\t\t\t\t\t\t\t\t<img decoding=\"async\" width=\"200\" height=\"300\" src=\"https:\/\/www.chateau-pradeaux.com\/wp-content\/uploads\/2024\/11\/IMG_9469-200x300.jpg\" class=\"attachment-medium size-medium wp-image-917\" alt=\"\" srcset=\"https:\/\/www.chateau-pradeaux.com\/wp-content\/uploads\/2024\/11\/IMG_9469-200x300.jpg 200w, https:\/\/www.chateau-pradeaux.com\/wp-content\/uploads\/2024\/11\/IMG_9469-683x1024.jpg 683w, https:\/\/www.chateau-pradeaux.com\/wp-content\/uploads\/2024\/11\/IMG_9469-768x1152.jpg 768w, https:\/\/www.chateau-pradeaux.com\/wp-content\/uploads\/2024\/11\/IMG_9469-1024x1536.jpg 1024w, https:\/\/www.chateau-pradeaux.com\/wp-content\/uploads\/2024\/11\/IMG_9469-1365x2048.jpg 1365w, https:\/\/www.chateau-pradeaux.com\/wp-content\/uploads\/2024\/11\/IMG_9469-scaled.jpg 1707w\" sizes=\"(max-width: 200px) 100vw, 200px\" \/>\t\t\t\t\t\t\t\t\t\t\t\t\t\t\t<\/div>\n\t\t\t\t<\/div>\n\t\t\t\t<\/div>\n\t\t\t\t\t<\/div>\n\t\t\t\t<\/div>\n\t\t\t\t<\/div>\n\t\t","protected":false},"excerpt":{"rendered":"<p>Contact &amp; Acc\u00e8s Adresse : 676 Chem. des Pradeaux, 83270 Saint-Cyr-sur-Mer T\u00e9l\u00e9phone : 04 94 32 10 21 E-mail : [&hellip;]<\/p>\n","protected":false},"author":1,"featured_media":0,"parent":0,"menu_order":0,"comment_status":"closed","ping_status":"closed","template":"","meta":{"site-sidebar-layout":"no-sidebar","site-content-layout":"","ast-site-content-layout":"full-width-container","site-content-style":"default","site-sidebar-style":"default","ast-global-header-display":"","ast-banner-title-visibility":"","ast-main-header-display":"","ast-hfb-above-header-display":"","ast-hfb-below-header-display":"","ast-hfb-mobile-header-display":"","site-post-title":"disabled","ast-breadcrumbs-content":"","ast-featured-img":"disabled","footer-sml-layout":"","theme-transparent-header-meta":"","adv-header-id-meta":"","stick-header-meta":"","header-above-stick-meta":"","header-main-stick-meta":"","header-below-stick-meta":"","astra-migrate-meta-layouts":"default","ast-page-background-enabled":"default","ast-page-background-meta":{"desktop":{"background-color":"var(--ast-global-color-4)","background-image":"","background-repeat":"repeat","background-position":"center center","background-size":"auto","background-attachment":"scroll","background-type":"","background-media":"","overlay-type":"","overlay-color":"","overlay-opacity":"","overlay-gradient":""},"tablet":{"background-color":"","background-image":"","background-repeat":"repeat","background-position":"center center","background-size":"auto","background-attachment":"scroll","background-type":"","background-media":"","overlay-type":"","overlay-color":"","overlay-opacity":"","overlay-gradient":""},"mobile":{"background-color":"","background-image":"","background-repeat":"repeat","background-position":"center center","background-size":"auto","background-attachment":"scroll","background-type":"","background-media":"","overlay-type":"","overlay-color":"","overlay-opacity":"","overlay-gradient":""}},"ast-content-background-meta":{"desktop":{"background-color":"var(--ast-global-color-5)","background-image":"","background-repeat":"repeat","background-position":"center center","background-size":"auto","background-attachment":"scroll","background-type":"","background-media":"","overlay-type":"","overlay-color":"","overlay-opacity":"","overlay-gradient":""},"tablet":{"background-color":"var(--ast-global-color-5)","background-image":"","background-repeat":"repeat","background-position":"center center","background-size":"auto","background-attachment":"scroll","background-type":"","background-media":"","overlay-type":"","overlay-color":"","overlay-opacity":"","overlay-gradient":""},"mobile":{"background-color":"var(--ast-global-color-5)","background-image":"","background-repeat":"repeat","background-position":"center center","background-size":"auto","background-attachment":"scroll","background-type":"","background-media":"","overlay-type":"","overlay-color":"","overlay-opacity":"","overlay-gradient":""}},"footnotes":""},"class_list":["post-65","page","type-page","status-publish","hentry"],"_links":{"self":[{"href":"https:\/\/www.chateau-pradeaux.com\/index.php\/wp-json\/wp\/v2\/pages\/65"}],"collection":[{"href":"https:\/\/www.chateau-pradeaux.com\/index.php\/wp-json\/wp\/v2\/pages"}],"about":[{"href":"https:\/\/www.chateau-pradeaux.com\/index.php\/wp-json\/wp\/v2\/types\/page"}],"author":[{"embeddable":true,"href":"https:\/\/www.chateau-pradeaux.com\/index.php\/wp-json\/wp\/v2\/users\/1"}],"replies":[{"embeddable":true,"href":"https:\/\/www.chateau-pradeaux.com\/index.php\/wp-json\/wp\/v2\/comments?post=65"}],"version-history":[{"count":43,"href":"https:\/\/www.chateau-pradeaux.com\/index.php\/wp-json\/wp\/v2\/pages\/65\/revisions"}],"predecessor-version":[{"id":1344,"href":"https:\/\/www.chateau-pradeaux.com\/index.php\/wp-json\/wp\/v2\/pages\/65\/revisions\/1344"}],"wp:attachment":[{"href":"https:\/\/www.chateau-pradeaux.com\/index.php\/wp-json\/wp\/v2\/media?parent=65"}],"curies":[{"name":"wp","href":"https:\/\/api.w.org\/{rel}","templated":true}]}}