{"id":662,"date":"2024-09-19T14:47:44","date_gmt":"2024-09-19T12:47:44","guid":{"rendered":"http:\/\/ueugbzm.cluster029.hosting.ovh.net\/?page_id=662"},"modified":"2024-12-19T20:23:06","modified_gmt":"2024-12-19T19:23:06","slug":"eau-de-vie-de-marc","status":"publish","type":"page","link":"https:\/\/www.chateau-pradeaux.com\/index.php\/eau-de-vie-de-marc\/","title":{"rendered":"Eau de vie de marc"},"content":{"rendered":"\t\t<div data-elementor-type=\"wp-page\" data-elementor-id=\"662\" class=\"elementor elementor-662\">\n\t\t\t\t<div class=\"elementor-element elementor-element-d789d89 e-flex e-con-boxed e-con e-parent\" data-id=\"d789d89\" data-element_type=\"container\">\n\t\t\t\t\t<div class=\"e-con-inner\">\n\t\t<div class=\"elementor-element elementor-element-50171ee e-con-full e-flex e-con e-child\" data-id=\"50171ee\" data-element_type=\"container\">\n\t\t\t\t<div class=\"elementor-element elementor-element-6cf161f elementor-widget elementor-widget-image\" data-id=\"6cf161f\" data-element_type=\"widget\" data-widget_type=\"image.default\">\n\t\t\t\t<div class=\"elementor-widget-container\">\n\t\t\t\t\t\t\t\t\t\t\t\t\t\t\t<img fetchpriority=\"high\" decoding=\"async\" width=\"271\" height=\"1024\" src=\"https:\/\/www.chateau-pradeaux.com\/wp-content\/uploads\/2024\/09\/7-1-271x1024.png\" class=\"attachment-large size-large wp-image-577\" alt=\"\" srcset=\"https:\/\/www.chateau-pradeaux.com\/wp-content\/uploads\/2024\/09\/7-1-271x1024.png 271w, https:\/\/www.chateau-pradeaux.com\/wp-content\/uploads\/2024\/09\/7-1-79x300.png 79w, https:\/\/www.chateau-pradeaux.com\/wp-content\/uploads\/2024\/09\/7-1-407x1536.png 407w, https:\/\/www.chateau-pradeaux.com\/wp-content\/uploads\/2024\/09\/7-1-542x2048.png 542w, https:\/\/www.chateau-pradeaux.com\/wp-content\/uploads\/2024\/09\/7-1.png 678w\" sizes=\"(max-width: 271px) 100vw, 271px\" \/>\t\t\t\t\t\t\t\t\t\t\t\t\t\t\t<\/div>\n\t\t\t\t<\/div>\n\t\t\t\t<\/div>\n\t\t<div class=\"elementor-element elementor-element-c592028 e-con-full e-flex e-con e-child\" data-id=\"c592028\" data-element_type=\"container\">\n\t\t\t\t<div class=\"elementor-element elementor-element-19097be elementor-widget elementor-widget-heading\" data-id=\"19097be\" data-element_type=\"widget\" data-widget_type=\"heading.default\">\n\t\t\t\t<div class=\"elementor-widget-container\">\n\t\t\t\t\t<h2 class=\"elementor-heading-title elementor-size-default\">Eau de vie de marc<\/h2>\t\t\t\t<\/div>\n\t\t\t\t<\/div>\n\t\t\t\t<div class=\"elementor-element elementor-element-8a8f811 elementor-widget elementor-widget-text-editor\" data-id=\"8a8f811\" data-element_type=\"widget\" data-widget_type=\"text-editor.default\">\n\t\t\t\t<div class=\"elementor-widget-container\">\n\t\t\t\t\t\t\t\t\tCet alcool est obtenu par distillation du marc des vins rouges de Pradeaux.\nL\u2019op\u00e9ration est r\u00e9alis\u00e9e au domaine au moyen d\u2019un alambic centenaire, aliment\u00e9 aux ceps de vigne. La s\u00e9paration des alcools est r\u00e9alis\u00e9e par simple d\u00e9gustation.\nLes marcs contenant des rafles, l\u2019alcool obtenu est assez herbac\u00e9 et il lui faut une a\u00e9ration en barriques d\u2019une bonne dizaine d\u2019ann\u00e9es afin de pouvoir s\u2019affiner.\nLe distillat de base se situe aux alentours de 60% by. vol d\u2019alcool. \nCe titre alcoom\u00e9trique est ensuite descendu entre 45 et 50 degr\u00e9s par ajout d\u2019eau de source, en plusieurs fois au cours de l\u2019\u00e9levage.\t\t\t\t\t\t\t\t<\/div>\n\t\t\t\t<\/div>\n\t\t\t\t<div class=\"elementor-element elementor-element-b170e5f elementor-widget-divider--view-line elementor-widget elementor-widget-divider\" data-id=\"b170e5f\" data-element_type=\"widget\" data-widget_type=\"divider.default\">\n\t\t\t\t<div class=\"elementor-widget-container\">\n\t\t\t\t\t\t\t<div class=\"elementor-divider\">\n\t\t\t<span class=\"elementor-divider-separator\">\n\t\t\t\t\t\t<\/span>\n\t\t<\/div>\n\t\t\t\t\t\t<\/div>\n\t\t\t\t<\/div>\n\t\t\t\t<\/div>\n\t\t\t\t\t<\/div>\n\t\t\t\t<\/div>\n\t\t<div class=\"elementor-element elementor-element-b4bb990 e-flex e-con-boxed e-con e-parent\" data-id=\"b4bb990\" data-element_type=\"container\">\n\t\t\t\t\t<div class=\"e-con-inner\">\n\t\t\t\t\t<\/div>\n\t\t\t\t<\/div>\n\t\t\t\t<\/div>\n\t\t","protected":false},"excerpt":{"rendered":"<p>Eau de vie de marc Cet alcool est obtenu par distillation du marc des vins rouges de Pradeaux. L\u2019op\u00e9ration est [&hellip;]<\/p>\n","protected":false},"author":1,"featured_media":0,"parent":0,"menu_order":0,"comment_status":"closed","ping_status":"closed","template":"","meta":{"site-sidebar-layout":"no-sidebar","site-content-layout":"","ast-site-content-layout":"full-width-container","site-content-style":"default","site-sidebar-style":"default","ast-global-header-display":"","ast-banner-title-visibility":"","ast-main-header-display":"","ast-hfb-above-header-display":"","ast-hfb-below-header-display":"","ast-hfb-mobile-header-display":"","site-post-title":"disabled","ast-breadcrumbs-content":"","ast-featured-img":"disabled","footer-sml-layout":"","theme-transparent-header-meta":"","adv-header-id-meta":"","stick-header-meta":"","header-above-stick-meta":"","header-main-stick-meta":"","header-below-stick-meta":"","astra-migrate-meta-layouts":"default","ast-page-background-enabled":"default","ast-page-background-meta":{"desktop":{"background-color":"var(--ast-global-color-4)","background-image":"","background-repeat":"repeat","background-position":"center center","background-size":"auto","background-attachment":"scroll","background-type":"","background-media":"","overlay-type":"","overlay-color":"","overlay-opacity":"","overlay-gradient":""},"tablet":{"background-color":"","background-image":"","background-repeat":"repeat","background-position":"center center","background-size":"auto","background-attachment":"scroll","background-type":"","background-media":"","overlay-type":"","overlay-color":"","overlay-opacity":"","overlay-gradient":""},"mobile":{"background-color":"","background-image":"","background-repeat":"repeat","background-position":"center center","background-size":"auto","background-attachment":"scroll","background-type":"","background-media":"","overlay-type":"","overlay-color":"","overlay-opacity":"","overlay-gradient":""}},"ast-content-background-meta":{"desktop":{"background-color":"var(--ast-global-color-5)","background-image":"","background-repeat":"repeat","background-position":"center center","background-size":"auto","background-attachment":"scroll","background-type":"","background-media":"","overlay-type":"","overlay-color":"","overlay-opacity":"","overlay-gradient":""},"tablet":{"background-color":"var(--ast-global-color-5)","background-image":"","background-repeat":"repeat","background-position":"center center","background-size":"auto","background-attachment":"scroll","background-type":"","background-media":"","overlay-type":"","overlay-color":"","overlay-opacity":"","overlay-gradient":""},"mobile":{"background-color":"var(--ast-global-color-5)","background-image":"","background-repeat":"repeat","background-position":"center center","background-size":"auto","background-attachment":"scroll","background-type":"","background-media":"","overlay-type":"","overlay-color":"","overlay-opacity":"","overlay-gradient":""}},"footnotes":""},"class_list":["post-662","page","type-page","status-publish","hentry"],"_links":{"self":[{"href":"https:\/\/www.chateau-pradeaux.com\/index.php\/wp-json\/wp\/v2\/pages\/662"}],"collection":[{"href":"https:\/\/www.chateau-pradeaux.com\/index.php\/wp-json\/wp\/v2\/pages"}],"about":[{"href":"https:\/\/www.chateau-pradeaux.com\/index.php\/wp-json\/wp\/v2\/types\/page"}],"author":[{"embeddable":true,"href":"https:\/\/www.chateau-pradeaux.com\/index.php\/wp-json\/wp\/v2\/users\/1"}],"replies":[{"embeddable":true,"href":"https:\/\/www.chateau-pradeaux.com\/index.php\/wp-json\/wp\/v2\/comments?post=662"}],"version-history":[{"count":13,"href":"https:\/\/www.chateau-pradeaux.com\/index.php\/wp-json\/wp\/v2\/pages\/662\/revisions"}],"predecessor-version":[{"id":1035,"href":"https:\/\/www.chateau-pradeaux.com\/index.php\/wp-json\/wp\/v2\/pages\/662\/revisions\/1035"}],"wp:attachment":[{"href":"https:\/\/www.chateau-pradeaux.com\/index.php\/wp-json\/wp\/v2\/media?parent=662"}],"curies":[{"name":"wp","href":"https:\/\/api.w.org\/{rel}","templated":true}]}}