{"id":667,"date":"2024-09-19T14:54:45","date_gmt":"2024-09-19T12:54:45","guid":{"rendered":"http:\/\/ueugbzm.cluster029.hosting.ovh.net\/?page_id=667"},"modified":"2025-08-21T15:11:03","modified_gmt":"2025-08-21T13:11:03","slug":"plaisir-solidaire-rouge-provence","status":"publish","type":"page","link":"https:\/\/www.chateau-pradeaux.com\/index.php\/plaisir-solidaire-rouge-provence\/","title":{"rendered":"Plaisir Solidaire, Rouge Provence"},"content":{"rendered":"\t\t<div data-elementor-type=\"wp-page\" data-elementor-id=\"667\" class=\"elementor elementor-667\">\n\t\t\t\t<div class=\"elementor-element elementor-element-d789d89 e-flex e-con-boxed e-con e-parent\" data-id=\"d789d89\" data-element_type=\"container\">\n\t\t\t\t\t<div class=\"e-con-inner\">\n\t\t<div class=\"elementor-element elementor-element-50171ee e-con-full e-flex e-con e-child\" data-id=\"50171ee\" data-element_type=\"container\">\n\t\t\t\t<div class=\"elementor-element elementor-element-6cf161f elementor-widget elementor-widget-image\" data-id=\"6cf161f\" data-element_type=\"widget\" data-widget_type=\"image.default\">\n\t\t\t\t<div class=\"elementor-widget-container\">\n\t\t\t\t\t\t\t\t\t\t\t\t\t\t\t<img fetchpriority=\"high\" decoding=\"async\" width=\"683\" height=\"1024\" src=\"https:\/\/www.chateau-pradeaux.com\/wp-content\/uploads\/2025\/08\/ChatGPT-Image-30-juil.-2025-15_46_01-683x1024.png\" class=\"attachment-large size-large wp-image-1168\" alt=\"\" srcset=\"https:\/\/www.chateau-pradeaux.com\/wp-content\/uploads\/2025\/08\/ChatGPT-Image-30-juil.-2025-15_46_01-683x1024.png 683w, https:\/\/www.chateau-pradeaux.com\/wp-content\/uploads\/2025\/08\/ChatGPT-Image-30-juil.-2025-15_46_01-200x300.png 200w, https:\/\/www.chateau-pradeaux.com\/wp-content\/uploads\/2025\/08\/ChatGPT-Image-30-juil.-2025-15_46_01-768x1152.png 768w, https:\/\/www.chateau-pradeaux.com\/wp-content\/uploads\/2025\/08\/ChatGPT-Image-30-juil.-2025-15_46_01.png 1024w\" sizes=\"(max-width: 683px) 100vw, 683px\" \/>\t\t\t\t\t\t\t\t\t\t\t\t\t\t\t<\/div>\n\t\t\t\t<\/div>\n\t\t\t\t<\/div>\n\t\t<div class=\"elementor-element elementor-element-c592028 e-con-full e-flex e-con e-child\" data-id=\"c592028\" data-element_type=\"container\">\n\t\t\t\t<div class=\"elementor-element elementor-element-19097be elementor-widget elementor-widget-heading\" data-id=\"19097be\" data-element_type=\"widget\" data-widget_type=\"heading.default\">\n\t\t\t\t<div class=\"elementor-widget-container\">\n\t\t\t\t\t<h2 class=\"elementor-heading-title elementor-size-default\">Plaisir Solidaire, Rouge Provence<\/h2>\t\t\t\t<\/div>\n\t\t\t\t<\/div>\n\t\t\t\t<div class=\"elementor-element elementor-element-790fb60 elementor-widget elementor-widget-text-editor\" data-id=\"790fb60\" data-element_type=\"widget\" data-widget_type=\"text-editor.default\">\n\t\t\t\t<div class=\"elementor-widget-container\">\n\t\t\t\t\t\t\t\t\t<p id=\"u27270-2\">La Cuv\u00e9e Plaisir solidaire est\u00a0 \u00e0 la vente au prix de 35\u20ac dans les domaines membres de l&rsquo;association et chez les cavistes partenaires. Elle est disponible uniquement en format magnum.\u00a0<\/p><p>Les 36 membres de l&rsquo;association Rouge Provence se sont retrouv\u00e9s pour plonger dans une cuve des grappes de leur vignoble venant de toute la Provence pour vous proposer ce vin pluriel si on peut dire et singulier \u00e0 coup s\u00fbr.<\/p><p>Le produit de sa vente servira \u00e0 alimenter un fonds de solidarit\u00e9 destin\u00e9 \u00e0 aider un vigneron victime d&rsquo;un al\u00e9a climatique majeur et impr\u00e9visible.<\/p>\t\t\t\t\t\t\t\t<\/div>\n\t\t\t\t<\/div>\n\t\t\t\t<div class=\"elementor-element elementor-element-a678a09 elementor-align-center elementor-widget elementor-widget-button\" data-id=\"a678a09\" data-element_type=\"widget\" data-widget_type=\"button.default\">\n\t\t\t\t<div class=\"elementor-widget-container\">\n\t\t\t\t\t\t\t\t\t<div class=\"elementor-button-wrapper\">\n\t\t\t\t\t<a class=\"elementor-button elementor-button-link elementor-size-sm\" href=\"https:\/\/www.restonsenvigne.fr\/domaines\/chateau-pradeaux\/\" target=\"_blank\">\n\t\t\t\t\t\t<span class=\"elementor-button-content-wrapper\">\n\t\t\t\t\t\t<span class=\"elementor-button-icon\">\n\t\t\t\t<svg aria-hidden=\"true\" class=\"e-font-icon-svg e-fas-shopping-cart\" viewBox=\"0 0 576 512\" xmlns=\"http:\/\/www.w3.org\/2000\/svg\"><path d=\"M528.12 301.319l47.273-208C578.806 78.301 567.391 64 551.99 64H159.208l-9.166-44.81C147.758 8.021 137.93 0 126.529 0H24C10.745 0 0 10.745 0 24v16c0 13.255 10.745 24 24 24h69.883l70.248 343.435C147.325 417.1 136 435.222 136 456c0 30.928 25.072 56 56 56s56-25.072 56-56c0-15.674-6.447-29.835-16.824-40h209.647C430.447 426.165 424 440.326 424 456c0 30.928 25.072 56 56 56s56-25.072 56-56c0-22.172-12.888-41.332-31.579-50.405l5.517-24.276c3.413-15.018-8.002-29.319-23.403-29.319H218.117l-6.545-32h293.145c11.206 0 20.92-7.754 23.403-18.681z\"><\/path><\/svg>\t\t\t<\/span>\n\t\t\t\t\t\t\t\t\t<span class=\"elementor-button-text\">Acheter ce vin<\/span>\n\t\t\t\t\t<\/span>\n\t\t\t\t\t<\/a>\n\t\t\t\t<\/div>\n\t\t\t\t\t\t\t\t<\/div>\n\t\t\t\t<\/div>\n\t\t\t\t<\/div>\n\t\t\t\t\t<\/div>\n\t\t\t\t<\/div>\n\t\t\t\t<\/div>\n\t\t","protected":false},"excerpt":{"rendered":"<p>Plaisir Solidaire, Rouge Provence La Cuv\u00e9e Plaisir solidaire est\u00a0 \u00e0 la vente au prix de 35\u20ac dans les domaines membres [&hellip;]<\/p>\n","protected":false},"author":1,"featured_media":0,"parent":0,"menu_order":0,"comment_status":"closed","ping_status":"closed","template":"","meta":{"site-sidebar-layout":"no-sidebar","site-content-layout":"","ast-site-content-layout":"full-width-container","site-content-style":"default","site-sidebar-style":"default","ast-global-header-display":"","ast-banner-title-visibility":"","ast-main-header-display":"","ast-hfb-above-header-display":"","ast-hfb-below-header-display":"","ast-hfb-mobile-header-display":"","site-post-title":"disabled","ast-breadcrumbs-content":"","ast-featured-img":"disabled","footer-sml-layout":"","theme-transparent-header-meta":"","adv-header-id-meta":"","stick-header-meta":"","header-above-stick-meta":"","header-main-stick-meta":"","header-below-stick-meta":"","astra-migrate-meta-layouts":"default","ast-page-background-enabled":"default","ast-page-background-meta":{"desktop":{"background-color":"var(--ast-global-color-4)","background-image":"","background-repeat":"repeat","background-position":"center center","background-size":"auto","background-attachment":"scroll","background-type":"","background-media":"","overlay-type":"","overlay-color":"","overlay-opacity":"","overlay-gradient":""},"tablet":{"background-color":"","background-image":"","background-repeat":"repeat","background-position":"center center","background-size":"auto","background-attachment":"scroll","background-type":"","background-media":"","overlay-type":"","overlay-color":"","overlay-opacity":"","overlay-gradient":""},"mobile":{"background-color":"","background-image":"","background-repeat":"repeat","background-position":"center center","background-size":"auto","background-attachment":"scroll","background-type":"","background-media":"","overlay-type":"","overlay-color":"","overlay-opacity":"","overlay-gradient":""}},"ast-content-background-meta":{"desktop":{"background-color":"var(--ast-global-color-5)","background-image":"","background-repeat":"repeat","background-position":"center center","background-size":"auto","background-attachment":"scroll","background-type":"","background-media":"","overlay-type":"","overlay-color":"","overlay-opacity":"","overlay-gradient":""},"tablet":{"background-color":"var(--ast-global-color-5)","background-image":"","background-repeat":"repeat","background-position":"center center","background-size":"auto","background-attachment":"scroll","background-type":"","background-media":"","overlay-type":"","overlay-color":"","overlay-opacity":"","overlay-gradient":""},"mobile":{"background-color":"var(--ast-global-color-5)","background-image":"","background-repeat":"repeat","background-position":"center center","background-size":"auto","background-attachment":"scroll","background-type":"","background-media":"","overlay-type":"","overlay-color":"","overlay-opacity":"","overlay-gradient":""}},"footnotes":""},"class_list":["post-667","page","type-page","status-publish","hentry"],"_links":{"self":[{"href":"https:\/\/www.chateau-pradeaux.com\/index.php\/wp-json\/wp\/v2\/pages\/667"}],"collection":[{"href":"https:\/\/www.chateau-pradeaux.com\/index.php\/wp-json\/wp\/v2\/pages"}],"about":[{"href":"https:\/\/www.chateau-pradeaux.com\/index.php\/wp-json\/wp\/v2\/types\/page"}],"author":[{"embeddable":true,"href":"https:\/\/www.chateau-pradeaux.com\/index.php\/wp-json\/wp\/v2\/users\/1"}],"replies":[{"embeddable":true,"href":"https:\/\/www.chateau-pradeaux.com\/index.php\/wp-json\/wp\/v2\/comments?post=667"}],"version-history":[{"count":13,"href":"https:\/\/www.chateau-pradeaux.com\/index.php\/wp-json\/wp\/v2\/pages\/667\/revisions"}],"predecessor-version":[{"id":1171,"href":"https:\/\/www.chateau-pradeaux.com\/index.php\/wp-json\/wp\/v2\/pages\/667\/revisions\/1171"}],"wp:attachment":[{"href":"https:\/\/www.chateau-pradeaux.com\/index.php\/wp-json\/wp\/v2\/media?parent=667"}],"curies":[{"name":"wp","href":"https:\/\/api.w.org\/{rel}","templated":true}]}}